{"id":128,"date":"2019-04-23T12:50:20","date_gmt":"2019-04-23T12:50:20","guid":{"rendered":"https:\/\/ruhe-inseln.de\/wp_install\/?page_id=128"},"modified":"2024-10-04T14:01:53","modified_gmt":"2024-10-04T12:01:53","slug":"psych-begleitung-coaching","status":"publish","type":"page","link":"https:\/\/ruhe-inseln.de\/?page_id=128","title":{"rendered":"psych. Begleitung \/ Coaching"},"content":{"rendered":"\n<p><strong>Meine Aufgaben sehe ich darin:<\/strong><\/p>\n\n\n<div class=\"wp-block-image\">\n<figure class=\"alignright\"><img loading=\"lazy\" decoding=\"async\" width=\"211\" height=\"293\" src=\"https:\/\/ruhe-inseln.de\/wp_install\/wp-content\/uploads\/2019\/04\/brucke.jpg\" alt=\"\" class=\"wp-image-125\"\/><\/figure><\/div>\n\n\n<p><\/p>\n\n\n\n<ul class=\"wp-block-list\">\n<li>Menschen in einer Phase ihres Lebens zu begleiten, damit sie anschlie\u00dfend ihren Weg, selbstst\u00e4ndig aus eigener Kraft weiter gehen k\u00f6nnen.<\/li>\n\n\n\n<li>Menschen bei Herausforderungen oder einem Entwicklungsprozess, individuell, motivierend und beratend zur Seite zu stehen.<\/li>\n\n\n\n<li>Mit Hilfe bestimmter Techniken und Methoden  neue Sichtweisen zu erarbeiten.<\/li>\n<\/ul>\n\n\n\n<p><\/p>\n\n\n\n<p><strong>Was k\u00f6nnen Sie von mir erwarten? <\/strong><\/p>\n\n\n\n<ul class=\"wp-block-list\">\n<li>professionelle Beziehung<\/li>\n\n\n\n<li>Verschwiegenheit<\/li>\n\n\n\n<li>begleitende zielf\u00fchrende Gespr\u00e4che<\/li>\n\n\n\n<li>individuelle Betreuung und Begleitung<\/li>\n\n\n\n<li>st\u00f6rungsfreie Umgebung f\u00fcr die Coachingstunden<\/li>\n\n\n\n<li>Coachingstunden sind Einzelstunden, au\u00dfer Sie haben einen anderen Wunsch<\/li>\n<\/ul>\n\n\n\n<p><strong>Wann k\u00f6nnen Sie Coaching f\u00fcr sich einsetzen?<\/strong><\/p>\n\n\n\n<p>Immer dann, wenn eine Ver\u00e4nderung gew\u00fcnscht wird.<br>Bei Stress und \u00dcberforderung,<br>bei Lernblockaden, Pr\u00fcfungs\u00e4ngsten,<br>in Konfliktsituationen, Beziehungsproblemen, \u00c4ngsten<\/p>\n\n\n<div class=\"wp-block-image\">\n<figure class=\"alignleft\"><img loading=\"lazy\" decoding=\"async\" width=\"230\" height=\"172\" src=\"https:\/\/ruhe-inseln.de\/wp_install\/wp-content\/uploads\/2019\/04\/zfried2.jpg\" alt=\"\" class=\"wp-image-127\"\/><\/figure><\/div>\n\n<div class=\"wp-block-image\">\n<figure class=\"alignright\"><img loading=\"lazy\" decoding=\"async\" width=\"230\" height=\"172\" src=\"https:\/\/ruhe-inseln.de\/wp_install\/wp-content\/uploads\/2019\/04\/zfried1.jpg\" alt=\"\" class=\"wp-image-126\"\/><\/figure><\/div>\n\n\n<p class=\"has-text-align-center\"><em>Nichts \u00e4ndert sich, au\u00dfer ich \u00e4ndere mich.<\/em><\/p>\n\n\n\n<p class=\"has-text-align-center\"><em>Alles \u00e4ndert sich, sobald ich mich ver\u00e4ndere<\/em><\/p>\n","protected":false},"excerpt":{"rendered":"<p>Meine Aufgaben sehe ich darin: Was k\u00f6nnen Sie von mir erwarten? Wann k\u00f6nnen Sie Coaching f\u00fcr sich einsetzen? Immer dann, wenn eine Ver\u00e4nderung gew\u00fcnscht wird.Bei Stress und \u00dcberforderung,bei Lernblockaden, Pr\u00fcfungs\u00e4ngsten,in Konfliktsituationen, Beziehungsproblemen, \u00c4ngsten Nichts \u00e4ndert sich, au\u00dfer ich \u00e4ndere mich. Alles \u00e4ndert sich, sobald ich mich ver\u00e4ndere<\/p>\n","protected":false},"author":1,"featured_media":0,"parent":0,"menu_order":0,"comment_status":"closed","ping_status":"closed","template":"","meta":{"footnotes":""},"class_list":["post-128","page","type-page","status-publish","hentry"],"_links":{"self":[{"href":"https:\/\/ruhe-inseln.de\/index.php?rest_route=\/wp\/v2\/pages\/128","targetHints":{"allow":["GET"]}}],"collection":[{"href":"https:\/\/ruhe-inseln.de\/index.php?rest_route=\/wp\/v2\/pages"}],"about":[{"href":"https:\/\/ruhe-inseln.de\/index.php?rest_route=\/wp\/v2\/types\/page"}],"author":[{"embeddable":true,"href":"https:\/\/ruhe-inseln.de\/index.php?rest_route=\/wp\/v2\/users\/1"}],"replies":[{"embeddable":true,"href":"https:\/\/ruhe-inseln.de\/index.php?rest_route=%2Fwp%2Fv2%2Fcomments&post=128"}],"version-history":[{"count":8,"href":"https:\/\/ruhe-inseln.de\/index.php?rest_route=\/wp\/v2\/pages\/128\/revisions"}],"predecessor-version":[{"id":321,"href":"https:\/\/ruhe-inseln.de\/index.php?rest_route=\/wp\/v2\/pages\/128\/revisions\/321"}],"wp:attachment":[{"href":"https:\/\/ruhe-inseln.de\/index.php?rest_route=%2Fwp%2Fv2%2Fmedia&parent=128"}],"curies":[{"name":"wp","href":"https:\/\/api.w.org\/{rel}","templated":true}]}}